{"id":957,"date":"2023-08-29T11:49:01","date_gmt":"2023-08-29T11:49:01","guid":{"rendered":"https:\/\/u2.cirsfid.unibo.it\/legaldesign\/?page_id=957"},"modified":"2023-08-29T13:18:46","modified_gmt":"2023-08-29T13:18:46","slug":"cosa-si-puo-fare-per-evitare-la-convalida","status":"publish","type":"page","link":"https:\/\/u2.cirsfid.unibo.it\/legaldesign\/?page_id=957","title":{"rendered":"Cosa si pu\u00f2 fare per evitare la convalida."},"content":{"rendered":"\n<div class=\"wp-block-columns is-not-stacked-on-mobile is-layout-flex wp-container-core-columns-is-layout-28f84493 wp-block-columns-is-layout-flex\">\n<div class=\"wp-block-column is-layout-flow wp-block-column-is-layout-flow\" style=\"flex-basis:33.33%\">\n<div class=\"wp-block-cover aligncenter is-light fit-img-content\" style=\"min-height:100%;aspect-ratio:unset;\"><span aria-hidden=\"true\" class=\"wp-block-cover__background has-background-dim-0 has-background-dim\"><\/span><img loading=\"lazy\" decoding=\"async\" width=\"233\" height=\"189\" class=\"wp-block-cover__image-background wp-image-992\" alt=\"\" src=\"https:\/\/u2.cirsfid.unibo.it\/legaldesign\/wp-content\/uploads\/2023\/08\/metafora-2.png\" data-object-fit=\"cover\"\/><div class=\"wp-block-cover__inner-container is-layout-flow wp-block-cover-is-layout-flow\">\n<p class=\"has-text-align-center has-large-font-size\"><\/p>\n<\/div><\/div>\n<\/div>\n\n\n\n<div class=\"wp-block-column has-border-color has-secondary-border-color has-background is-layout-flow wp-container-core-column-is-layout-2a10179c wp-block-column-is-layout-flow\" style=\"background-color:#f7f7fa80;padding-top:var(--wp--preset--spacing--30);padding-right:var(--wp--preset--spacing--30);padding-bottom:var(--wp--preset--spacing--30);padding-left:var(--wp--preset--spacing--30);flex-basis:66.66%\">\n<p>Presentare un\u2019<strong>opposizione<\/strong> fondata su prova scritta o su <strong>gravi motivi<\/strong>.<\/p>\n\n\n\n<p><a href=\"https:\/\/u2.cirsfid.unibo.it\/legaldesign\/?page_id=1005\" data-type=\"link\" data-id=\"https:\/\/u2.cirsfid.unibo.it\/legaldesign\/?page_id=1005\">Scopri di pi\u00f9<\/a><\/p>\n<\/div>\n<\/div>\n\n\n\n<div class=\"wp-block-columns is-not-stacked-on-mobile is-layout-flex wp-container-core-columns-is-layout-28f84493 wp-block-columns-is-layout-flex\">\n<div class=\"wp-block-column has-border-color has-secondary-border-color has-background is-layout-flow wp-container-core-column-is-layout-2a10179c wp-block-column-is-layout-flow\" style=\"background-color:#f7f7fa80;padding-top:var(--wp--preset--spacing--30);padding-right:var(--wp--preset--spacing--30);padding-bottom:var(--wp--preset--spacing--30);padding-left:var(--wp--preset--spacing--30);flex-basis:66.66%\">\n<p>Chiedere il <strong>termine di grazia<\/strong>.<\/p>\n\n\n\n<p><a href=\"https:\/\/u2.cirsfid.unibo.it\/legaldesign\/?page_id=1026\" data-type=\"link\" data-id=\"https:\/\/u2.cirsfid.unibo.it\/legaldesign\/?page_id=1026\">Scopri di pi\u00f9<\/a><\/p>\n<\/div>\n\n\n\n<div class=\"wp-block-column is-layout-flow wp-block-column-is-layout-flow\" style=\"flex-basis:33.33%\">\n<div class=\"wp-block-cover aligncenter is-light fit-img-content\" style=\"min-height:100%;aspect-ratio:unset;\"><span aria-hidden=\"true\" class=\"wp-block-cover__background has-background-dim-0 has-background-dim\"><\/span><img loading=\"lazy\" decoding=\"async\" width=\"110\" height=\"105\" class=\"wp-block-cover__image-background wp-image-996\" alt=\"\" src=\"https:\/\/u2.cirsfid.unibo.it\/legaldesign\/wp-content\/uploads\/2023\/08\/corsa_cronometro_2-1.png\" data-object-fit=\"cover\"\/><div class=\"wp-block-cover__inner-container is-layout-flow wp-block-cover-is-layout-flow\">\n<p class=\"has-text-align-center has-large-font-size\"><\/p>\n<\/div><\/div>\n<\/div>\n<\/div>\n\n\n\n<div class=\"wp-block-columns is-not-stacked-on-mobile is-layout-flex wp-container-core-columns-is-layout-28f84493 wp-block-columns-is-layout-flex\">\n<div class=\"wp-block-column is-layout-flow wp-block-column-is-layout-flow\" style=\"flex-basis:33.33%\">\n<div class=\"wp-block-cover aligncenter is-light fit-img-content\" style=\"min-height:100%;aspect-ratio:unset;\"><span aria-hidden=\"true\" class=\"wp-block-cover__background has-background-dim-0 has-background-dim\"><\/span><img loading=\"lazy\" decoding=\"async\" width=\"84\" height=\"102\" class=\"wp-block-cover__image-background wp-image-911\" alt=\"\" src=\"https:\/\/u2.cirsfid.unibo.it\/legaldesign\/wp-content\/uploads\/2023\/08\/municipio-1.png\" data-object-fit=\"cover\"\/><div class=\"wp-block-cover__inner-container is-layout-flow wp-block-cover-is-layout-flow\">\n<p class=\"has-text-align-center has-large-font-size\"><\/p>\n<\/div><\/div>\n<\/div>\n\n\n\n<div class=\"wp-block-column has-border-color has-secondary-border-color has-background is-layout-flow wp-container-core-column-is-layout-2a10179c wp-block-column-is-layout-flow\" style=\"background-color:#f7f7fa80;padding-top:var(--wp--preset--spacing--30);padding-right:var(--wp--preset--spacing--30);padding-bottom:var(--wp--preset--spacing--30);padding-left:var(--wp--preset--spacing--30);flex-basis:66.66%\">\n<p>Chiedere di accedere al <strong>fondo morosit\u00e0 incolpevole<\/strong>.<\/p>\n\n\n\n<p><a href=\"https:\/\/u2.cirsfid.unibo.it\/legaldesign\/?page_id=882\" data-type=\"page\" data-id=\"882\">Scopri di pi\u00f9<\/a><\/p>\n<\/div>\n<\/div>\n\n\n\n<div style=\"height:1em\" aria-hidden=\"true\" class=\"wp-block-spacer\"><\/div>\n\n\n\n<div class=\"wp-block-buttons is-content-justification-space-between is-nowrap is-layout-flex wp-container-core-buttons-is-layout-5924e470 wp-block-buttons-is-layout-flex\">\n<div class=\"wp-block-button has-custom-font-size\" id=\"backButton\" style=\"font-size:0.7em\"><a class=\"wp-block-button__link wp-element-button\">&lt;&lt; Indietro<\/a><\/div>\n\n\n\n<div class=\"wp-block-button has-custom-font-size\" style=\"font-size:0.7em\"><a class=\"wp-block-button__link wp-element-button\" href=\"https:\/\/u2.cirsfid.unibo.it\/legaldesign\/?page_id=1005\">Prossimo &gt;&gt;<\/a><\/div>\n<\/div>\n\n\n\n<div style=\"height:2em\" aria-hidden=\"true\" class=\"wp-block-spacer\"><\/div>\n","protected":false},"excerpt":{"rendered":"<p>Presentare un\u2019opposizione fondata su prova scritta o su gravi motivi. Scopri di pi\u00f9 Chiedere il termine di grazia. Scopri di pi\u00f9 Chiedere di accedere al fondo morosit\u00e0 incolpevole. Scopri di pi\u00f9<\/p>\n","protected":false},"author":2,"featured_media":0,"parent":0,"menu_order":0,"comment_status":"closed","ping_status":"closed","template":"sfratti-page","meta":{"footnotes":""},"class_list":["post-957","page","type-page","status-publish","hentry"],"_links":{"self":[{"href":"https:\/\/u2.cirsfid.unibo.it\/legaldesign\/index.php?rest_route=\/wp\/v2\/pages\/957","targetHints":{"allow":["GET"]}}],"collection":[{"href":"https:\/\/u2.cirsfid.unibo.it\/legaldesign\/index.php?rest_route=\/wp\/v2\/pages"}],"about":[{"href":"https:\/\/u2.cirsfid.unibo.it\/legaldesign\/index.php?rest_route=\/wp\/v2\/types\/page"}],"author":[{"embeddable":true,"href":"https:\/\/u2.cirsfid.unibo.it\/legaldesign\/index.php?rest_route=\/wp\/v2\/users\/2"}],"replies":[{"embeddable":true,"href":"https:\/\/u2.cirsfid.unibo.it\/legaldesign\/index.php?rest_route=%2Fwp%2Fv2%2Fcomments&post=957"}],"version-history":[{"count":9,"href":"https:\/\/u2.cirsfid.unibo.it\/legaldesign\/index.php?rest_route=\/wp\/v2\/pages\/957\/revisions"}],"predecessor-version":[{"id":1034,"href":"https:\/\/u2.cirsfid.unibo.it\/legaldesign\/index.php?rest_route=\/wp\/v2\/pages\/957\/revisions\/1034"}],"wp:attachment":[{"href":"https:\/\/u2.cirsfid.unibo.it\/legaldesign\/index.php?rest_route=%2Fwp%2Fv2%2Fmedia&parent=957"}],"curies":[{"name":"wp","href":"https:\/\/api.w.org\/{rel}","templated":true}]}}