{"id":1194,"date":"2023-08-29T15:49:37","date_gmt":"2023-08-29T15:49:37","guid":{"rendered":"https:\/\/u2.cirsfid.unibo.it\/legaldesign\/?page_id=1194"},"modified":"2023-08-29T16:17:58","modified_gmt":"2023-08-29T16:17:58","slug":"le-fasi-del-processo","status":"publish","type":"page","link":"https:\/\/u2.cirsfid.unibo.it\/legaldesign\/?page_id=1194","title":{"rendered":"Processo in sintesi"},"content":{"rendered":"\n<div class=\"wp-block-columns is-not-stacked-on-mobile is-layout-flex wp-container-core-columns-is-layout-28f84493 wp-block-columns-is-layout-flex\">\n<div class=\"wp-block-column is-layout-flow wp-block-column-is-layout-flow\" style=\"flex-basis:33.33%\">\n<div class=\"wp-block-cover fit-img-content\" style=\"min-height:100%;aspect-ratio:unset;\"><span aria-hidden=\"true\" class=\"wp-block-cover__background has-background-dim-0 has-background-dim\"><\/span><img loading=\"lazy\" decoding=\"async\" width=\"120\" height=\"103\" class=\"wp-block-cover__image-background wp-image-1093\" alt=\"\" src=\"https:\/\/u2.cirsfid.unibo.it\/legaldesign\/wp-content\/uploads\/2023\/08\/accordo-21.png\" data-object-fit=\"cover\"\/><div class=\"wp-block-cover__inner-container has-global-padding is-layout-constrained wp-block-cover-is-layout-constrained\">\n<p class=\"has-text-align-center has-large-font-size\"><\/p>\n<\/div><\/div>\n<\/div>\n\n\n\n<div class=\"wp-block-column is-layout-flow wp-block-column-is-layout-flow\" style=\"flex-basis:66.66%\">\n<div class=\"wp-block-group has-border-color has-secondary-border-color has-background has-global-padding is-content-justification-left is-layout-constrained wp-container-core-group-is-layout-3d548aa4 wp-block-group-is-layout-constrained\" style=\"background-color:#f7f7fa80;padding-top:var(--wp--preset--spacing--30);padding-right:var(--wp--preset--spacing--30);padding-bottom:var(--wp--preset--spacing--30);padding-left:var(--wp--preset--spacing--30)\">\n<h2 class=\"wp-block-heading\" style=\"font-size:clamp(0.984em, 0.984rem + ((1vw - 0.2em) * 0.938), 1.5em);font-style:normal;font-weight:500;text-transform:none\">1. Intimazione<\/h2>\n\n\n\n<p><a href=\"https:\/\/u2.cirsfid.unibo.it\/legaldesign\/?page_id=586\" data-type=\"page\" data-id=\"586\">Scopri di pi\u00f9<\/a><\/p>\n<\/div>\n<\/div>\n<\/div>\n\n\n\n<div class=\"wp-block-columns is-not-stacked-on-mobile is-layout-flex wp-container-core-columns-is-layout-28f84493 wp-block-columns-is-layout-flex\">\n<div class=\"wp-block-column is-layout-flow wp-block-column-is-layout-flow\" style=\"flex-basis:33.33%\">\n<div class=\"wp-block-cover fit-img-content\" style=\"min-height:100%;aspect-ratio:unset;\"><span aria-hidden=\"true\" class=\"wp-block-cover__background has-background-dim-0 has-background-dim\"><\/span><img loading=\"lazy\" decoding=\"async\" width=\"128\" height=\"197\" class=\"wp-block-cover__image-background wp-image-922\" alt=\"\" src=\"https:\/\/u2.cirsfid.unibo.it\/legaldesign\/wp-content\/uploads\/2023\/08\/Giudice-2.png\" data-object-fit=\"cover\"\/><div class=\"wp-block-cover__inner-container has-global-padding is-layout-constrained wp-block-cover-is-layout-constrained\">\n<p class=\"has-text-align-center has-large-font-size\"><\/p>\n<\/div><\/div>\n<\/div>\n\n\n\n<div class=\"wp-block-column is-layout-flow wp-block-column-is-layout-flow\" style=\"flex-basis:66.66%\">\n<div class=\"wp-block-group has-border-color has-secondary-border-color has-background has-global-padding is-content-justification-left is-layout-constrained wp-container-core-group-is-layout-3d548aa4 wp-block-group-is-layout-constrained\" style=\"background-color:#f7f7fa80;padding-top:var(--wp--preset--spacing--30);padding-right:var(--wp--preset--spacing--30);padding-bottom:var(--wp--preset--spacing--30);padding-left:var(--wp--preset--spacing--30)\">\n<h2 class=\"wp-block-heading\" style=\"font-size:clamp(0.984em, 0.984rem + ((1vw - 0.2em) * 0.938), 1.5em);font-style:normal;font-weight:500;text-transform:none\">2. Udienza<\/h2>\n\n\n\n<p><a href=\"https:\/\/u2.cirsfid.unibo.it\/legaldesign\/?page_id=631\" data-type=\"page\" data-id=\"586\">Scopri di pi\u00f9<\/a><\/p>\n<\/div>\n<\/div>\n<\/div>\n\n\n\n<div class=\"wp-block-columns is-not-stacked-on-mobile is-layout-flex wp-container-core-columns-is-layout-28f84493 wp-block-columns-is-layout-flex\">\n<div class=\"wp-block-column is-layout-flow wp-block-column-is-layout-flow\" style=\"flex-basis:33.33%\">\n<div class=\"wp-block-cover is-light fit-img-content\" style=\"min-height:100%;aspect-ratio:unset;\"><span aria-hidden=\"true\" class=\"wp-block-cover__background has-background-dim-0 has-background-dim\"><\/span><img loading=\"lazy\" decoding=\"async\" width=\"121\" height=\"155\" class=\"wp-block-cover__image-background wp-image-982\" alt=\"\" src=\"https:\/\/u2.cirsfid.unibo.it\/legaldesign\/wp-content\/uploads\/2023\/08\/Poliziotto-con-persona-con-animali-1.png\" data-object-fit=\"cover\"\/><div class=\"wp-block-cover__inner-container has-global-padding is-layout-constrained wp-block-cover-is-layout-constrained\">\n<p class=\"has-text-align-center has-large-font-size\"><\/p>\n<\/div><\/div>\n<\/div>\n\n\n\n<div class=\"wp-block-column is-layout-flow wp-block-column-is-layout-flow\" style=\"flex-basis:66.66%\">\n<div class=\"wp-block-group has-border-color has-secondary-border-color has-background has-global-padding is-content-justification-left is-layout-constrained wp-container-core-group-is-layout-3d548aa4 wp-block-group-is-layout-constrained\" style=\"background-color:#f7f7fa80;padding-top:var(--wp--preset--spacing--30);padding-right:var(--wp--preset--spacing--30);padding-bottom:var(--wp--preset--spacing--30);padding-left:var(--wp--preset--spacing--30)\">\n<h2 class=\"wp-block-heading\" style=\"font-size:clamp(0.984em, 0.984rem + ((1vw - 0.2em) * 0.938), 1.5em);font-style:normal;font-weight:500;text-transform:none\">3. Convalida di sfratto<\/h2>\n\n\n\n<p><a href=\"https:\/\/u2.cirsfid.unibo.it\/legaldesign\/?page_id=927\" data-type=\"page\" data-id=\"586\">Scopri di pi\u00f9<\/a><\/p>\n<\/div>\n\n\n\n<div class=\"wp-block-group has-border-color has-secondary-border-color has-background has-global-padding is-content-justification-left is-layout-constrained wp-container-core-group-is-layout-3d548aa4 wp-block-group-is-layout-constrained\" style=\"background-color:#f7f7fa80;padding-top:var(--wp--preset--spacing--30);padding-right:var(--wp--preset--spacing--30);padding-bottom:var(--wp--preset--spacing--30);padding-left:var(--wp--preset--spacing--30)\">\n<h2 class=\"wp-block-heading\" style=\"font-size:clamp(0.984em, 0.984rem + ((1vw - 0.2em) * 0.938), 1.5em);font-style:normal;font-weight:500;text-transform:none\">4. Fine del procedimento<\/h2>\n\n\n\n<p><a href=\"https:\/\/u2.cirsfid.unibo.it\/legaldesign\/?page_id=1100\" data-type=\"page\" data-id=\"586\">Scopri di pi\u00f9<\/a><\/p>\n<\/div>\n<\/div>\n<\/div>\n\n\n\n<div style=\"height:1em\" aria-hidden=\"true\" class=\"wp-block-spacer\"><\/div>\n\n\n\n<div class=\"wp-block-buttons is-content-justification-center is-nowrap is-layout-flex wp-container-core-buttons-is-layout-12a27398 wp-block-buttons-is-layout-flex\">\n<div class=\"wp-block-button has-custom-font-size\" id=\"backButton\" style=\"font-size:0.7em\"><a class=\"wp-block-button__link wp-element-button\">continua a leggere<\/a><\/div>\n<\/div>\n\n\n\n<div style=\"height:2em\" aria-hidden=\"true\" class=\"wp-block-spacer\"><\/div>\n","protected":false},"excerpt":{"rendered":"<p>1. Intimazione Scopri di pi\u00f9 2. Udienza Scopri di pi\u00f9 3. Convalida di sfratto Scopri di pi\u00f9 4. Fine del procedimento Scopri di pi\u00f9<\/p>\n","protected":false},"author":2,"featured_media":0,"parent":0,"menu_order":0,"comment_status":"closed","ping_status":"closed","template":"sfratti-page","meta":{"footnotes":""},"class_list":["post-1194","page","type-page","status-publish","hentry"],"_links":{"self":[{"href":"https:\/\/u2.cirsfid.unibo.it\/legaldesign\/index.php?rest_route=\/wp\/v2\/pages\/1194","targetHints":{"allow":["GET"]}}],"collection":[{"href":"https:\/\/u2.cirsfid.unibo.it\/legaldesign\/index.php?rest_route=\/wp\/v2\/pages"}],"about":[{"href":"https:\/\/u2.cirsfid.unibo.it\/legaldesign\/index.php?rest_route=\/wp\/v2\/types\/page"}],"author":[{"embeddable":true,"href":"https:\/\/u2.cirsfid.unibo.it\/legaldesign\/index.php?rest_route=\/wp\/v2\/users\/2"}],"replies":[{"embeddable":true,"href":"https:\/\/u2.cirsfid.unibo.it\/legaldesign\/index.php?rest_route=%2Fwp%2Fv2%2Fcomments&post=1194"}],"version-history":[{"count":12,"href":"https:\/\/u2.cirsfid.unibo.it\/legaldesign\/index.php?rest_route=\/wp\/v2\/pages\/1194\/revisions"}],"predecessor-version":[{"id":1221,"href":"https:\/\/u2.cirsfid.unibo.it\/legaldesign\/index.php?rest_route=\/wp\/v2\/pages\/1194\/revisions\/1221"}],"wp:attachment":[{"href":"https:\/\/u2.cirsfid.unibo.it\/legaldesign\/index.php?rest_route=%2Fwp%2Fv2%2Fmedia&parent=1194"}],"curies":[{"name":"wp","href":"https:\/\/api.w.org\/{rel}","templated":true}]}}