{"id":1026,"date":"2023-08-29T13:12:34","date_gmt":"2023-08-29T13:12:34","guid":{"rendered":"https:\/\/u2.cirsfid.unibo.it\/legaldesign\/?page_id=1026"},"modified":"2023-08-29T13:39:27","modified_gmt":"2023-08-29T13:39:27","slug":"richiesta-termine-di-garanzia","status":"publish","type":"page","link":"https:\/\/u2.cirsfid.unibo.it\/legaldesign\/?page_id=1026","title":{"rendered":"Richiesta termine di garanzia"},"content":{"rendered":"\n<div class=\"wp-block-columns is-not-stacked-on-mobile is-layout-flex wp-container-core-columns-is-layout-28f84493 wp-block-columns-is-layout-flex\">\n<div class=\"wp-block-column is-layout-flow wp-block-column-is-layout-flow\" style=\"flex-basis:66.66%\">\n<p>\u00c8 concesso in caso di locazioni ad uso abitativo se l\u2019inquilino versa in particolari condizioni di difficolt\u00e0. (es. perdita del lavoro)<\/p>\n\n\n\n<p>La concessione di tale termine \u00e8 facolt\u00e0 del giudice<\/p>\n<\/div>\n\n\n\n<div class=\"wp-block-column is-layout-flow wp-block-column-is-layout-flow\" style=\"flex-basis:33.33%\">\n<div class=\"wp-block-cover is-light fit-img-content\" style=\"min-height:100%;aspect-ratio:unset;\"><span aria-hidden=\"true\" class=\"wp-block-cover__background has-background-dim-0 has-background-dim\"><\/span><img loading=\"lazy\" decoding=\"async\" width=\"110\" height=\"105\" class=\"wp-block-cover__image-background wp-image-996\" alt=\"\" src=\"https:\/\/u2.cirsfid.unibo.it\/legaldesign\/wp-content\/uploads\/2023\/08\/corsa_cronometro_2-1.png\" data-object-fit=\"cover\"\/><div class=\"wp-block-cover__inner-container has-global-padding is-layout-constrained wp-block-cover-is-layout-constrained\">\n<p class=\"has-text-align-center has-large-font-size\"><\/p>\n<\/div><\/div>\n<\/div>\n<\/div>\n\n\n\n<div class=\"wp-block-columns is-not-stacked-on-mobile is-layout-flex wp-container-core-columns-is-layout-28f84493 wp-block-columns-is-layout-flex\">\n<div class=\"wp-block-column is-layout-flow wp-block-column-is-layout-flow\" style=\"flex-basis:33.33%\">\n<div class=\"wp-block-cover fit-img-content\" style=\"min-height:100%;aspect-ratio:unset;\"><span aria-hidden=\"true\" class=\"wp-block-cover__background has-background-dim-0 has-background-dim\"><\/span><img loading=\"lazy\" decoding=\"async\" width=\"56\" height=\"53\" class=\"wp-block-cover__image-background wp-image-1044\" alt=\"\" src=\"https:\/\/u2.cirsfid.unibo.it\/legaldesign\/wp-content\/uploads\/2023\/08\/gavel-copy.png\" data-object-fit=\"cover\"\/><div class=\"wp-block-cover__inner-container has-global-padding is-layout-constrained wp-block-cover-is-layout-constrained\">\n<p class=\"has-text-align-center has-large-font-size\"><\/p>\n<\/div><\/div>\n<\/div>\n\n\n\n<div class=\"wp-block-column is-layout-flow wp-block-column-is-layout-flow\" style=\"flex-basis:66.66%\">\n<p>Se la richiesta \u00e8 accolta, il giudice assegna un termine non superiore a 90 giorni e fissa un\u2019altra udienza dopo la scadenza del termine per verificare il corretto pagamento dei canoni di locazione.<\/p>\n<\/div>\n<\/div>\n\n\n\n<div class=\"wp-block-group has-tertiary-color has-primary-background-color has-text-color has-background has-global-padding is-content-justification-center is-layout-constrained wp-container-core-group-is-layout-ef275aa7 wp-block-group-is-layout-constrained\" style=\"border-radius:24px;padding-top:var(--wp--preset--spacing--30);padding-right:var(--wp--preset--spacing--30);padding-bottom:var(--wp--preset--spacing--30);padding-left:var(--wp--preset--spacing--30)\">\n<h5 class=\"wp-block-heading has-text-align-center has-tertiary-color has-text-color\" style=\"text-transform:none\">Attenzione!<\/h5>\n\n\n\n<p class=\"has-text-align-center\">La richiesta del termine di grazia non \u00e8 una opposizione. <br>Una volta chiesto il termine di grazia non si pu\u00f2 pi\u00f9 proporre opposizione!<\/p>\n<\/div>\n\n\n\n<div style=\"height:1em\" aria-hidden=\"true\" class=\"wp-block-spacer\"><\/div>\n\n\n\n<div class=\"wp-block-buttons is-content-justification-space-between is-nowrap is-layout-flex wp-container-core-buttons-is-layout-5924e470 wp-block-buttons-is-layout-flex\">\n<div class=\"wp-block-button has-custom-font-size\" id=\"backButton\" style=\"font-size:0.7em\"><a class=\"wp-block-button__link wp-element-button\">&lt;&lt; Indietro<\/a><\/div>\n\n\n\n<div class=\"wp-block-button has-custom-font-size\" style=\"font-size:0.7em\"><a class=\"wp-block-button__link wp-element-button\" href=\"https:\/\/u2.cirsfid.unibo.it\/legaldesign\/?page_id=957\">Prossimo &gt;&gt;<\/a><\/div>\n<\/div>\n\n\n\n<div style=\"height:2em\" aria-hidden=\"true\" class=\"wp-block-spacer\"><\/div>\n","protected":false},"excerpt":{"rendered":"<p>\u00c8 concesso in caso di locazioni ad uso abitativo se l\u2019inquilino versa in particolari condizioni di difficolt\u00e0. (es. perdita del lavoro) La concessione di tale termine \u00e8 facolt\u00e0 del giudice Se la richiesta \u00e8 accolta, il giudice assegna un termine non superiore a 90 giorni e fissa un\u2019altra udienza dopo la scadenza del termine per [&hellip;]<\/p>\n","protected":false},"author":2,"featured_media":0,"parent":0,"menu_order":0,"comment_status":"closed","ping_status":"closed","template":"sfratti-page","meta":{"footnotes":""},"class_list":["post-1026","page","type-page","status-publish","hentry"],"_links":{"self":[{"href":"https:\/\/u2.cirsfid.unibo.it\/legaldesign\/index.php?rest_route=\/wp\/v2\/pages\/1026","targetHints":{"allow":["GET"]}}],"collection":[{"href":"https:\/\/u2.cirsfid.unibo.it\/legaldesign\/index.php?rest_route=\/wp\/v2\/pages"}],"about":[{"href":"https:\/\/u2.cirsfid.unibo.it\/legaldesign\/index.php?rest_route=\/wp\/v2\/types\/page"}],"author":[{"embeddable":true,"href":"https:\/\/u2.cirsfid.unibo.it\/legaldesign\/index.php?rest_route=\/wp\/v2\/users\/2"}],"replies":[{"embeddable":true,"href":"https:\/\/u2.cirsfid.unibo.it\/legaldesign\/index.php?rest_route=%2Fwp%2Fv2%2Fcomments&post=1026"}],"version-history":[{"count":8,"href":"https:\/\/u2.cirsfid.unibo.it\/legaldesign\/index.php?rest_route=\/wp\/v2\/pages\/1026\/revisions"}],"predecessor-version":[{"id":1051,"href":"https:\/\/u2.cirsfid.unibo.it\/legaldesign\/index.php?rest_route=\/wp\/v2\/pages\/1026\/revisions\/1051"}],"wp:attachment":[{"href":"https:\/\/u2.cirsfid.unibo.it\/legaldesign\/index.php?rest_route=%2Fwp%2Fv2%2Fmedia&parent=1026"}],"curies":[{"name":"wp","href":"https:\/\/api.w.org\/{rel}","templated":true}]}}